{"id":49,"date":"2025-10-04T12:56:13","date_gmt":"2025-10-04T09:56:13","guid":{"rendered":"https:\/\/www.karacaymalkar.com\/?page_id=49"},"modified":"2025-10-18T13:13:56","modified_gmt":"2025-10-18T10:13:56","slug":"ekiplerimiz","status":"publish","type":"page","link":"https:\/\/www.karacaymalkar.com\/index.php\/ekiplerimiz\/","title":{"rendered":"Ekiplerimiz"},"content":{"rendered":"\n<p>Halk danslar\u0131 gruplar\u0131m\u0131z.<\/p>\n\n\n\n<p><\/p>\n\n\n\n<p>Mingi Tau &#8211; B\u00fcy\u00fckler<\/p>\n\n\n\n<p>Mingi Tau &#8211; K\u00fc\u00e7\u00fckler<\/p>\n\n\n\n<p>Mingi Tau &#8211; Yeti\u015fkinler<\/p>\n","protected":false},"excerpt":{"rendered":"<p>Halk danslar\u0131 gruplar\u0131m\u0131z. Mingi Tau &#8211; B\u00fcy\u00fckler Mingi Tau &#8211; K\u00fc\u00e7\u00fckler Mingi Tau &#8211; Yeti\u015fkinler<\/p>\n","protected":false},"author":1,"featured_media":0,"parent":0,"menu_order":0,"comment_status":"closed","ping_status":"closed","template":"","meta":{"footnotes":""},"class_list":["post-49","page","type-page","status-publish","hentry"],"_links":{"self":[{"href":"https:\/\/www.karacaymalkar.com\/index.php\/wp-json\/wp\/v2\/pages\/49","targetHints":{"allow":["GET"]}}],"collection":[{"href":"https:\/\/www.karacaymalkar.com\/index.php\/wp-json\/wp\/v2\/pages"}],"about":[{"href":"https:\/\/www.karacaymalkar.com\/index.php\/wp-json\/wp\/v2\/types\/page"}],"author":[{"embeddable":true,"href":"https:\/\/www.karacaymalkar.com\/index.php\/wp-json\/wp\/v2\/users\/1"}],"replies":[{"embeddable":true,"href":"https:\/\/www.karacaymalkar.com\/index.php\/wp-json\/wp\/v2\/comments?post=49"}],"version-history":[{"count":3,"href":"https:\/\/www.karacaymalkar.com\/index.php\/wp-json\/wp\/v2\/pages\/49\/revisions"}],"predecessor-version":[{"id":53,"href":"https:\/\/www.karacaymalkar.com\/index.php\/wp-json\/wp\/v2\/pages\/49\/revisions\/53"}],"wp:attachment":[{"href":"https:\/\/www.karacaymalkar.com\/index.php\/wp-json\/wp\/v2\/media?parent=49"}],"curies":[{"name":"wp","href":"https:\/\/api.w.org\/{rel}","templated":true}]}}